{"id":1483,"date":"2023-03-16T12:38:46","date_gmt":"2023-03-16T11:38:46","guid":{"rendered":"https:\/\/pablomor.ecocartas.com\/?page_id=1483"},"modified":"2024-04-05T14:34:42","modified_gmt":"2024-04-05T13:34:42","slug":"mis-proyectos","status":"publish","type":"page","link":"https:\/\/pablomor.com\/en\/mis-proyectos\/","title":{"rendered":"My projects"},"content":{"rendered":"<div data-elementor-type=\"wp-page\" data-elementor-id=\"1483\" class=\"elementor elementor-1483\" data-elementor-post-type=\"page\">\n\t\t\t\t\t\t<section class=\"elementor-section elementor-top-section elementor-element elementor-element-15bc7fe elementor-section-full_width elementor-section-stretched elementor-section-height-default elementor-section-height-default\" data-id=\"15bc7fe\" data-element_type=\"section\" data-settings=\"{&quot;stretch_section&quot;:&quot;section-stretched&quot;,&quot;background_background&quot;:&quot;classic&quot;}\">\n\t\t\t\t\t\t<div class=\"elementor-container elementor-column-gap-default\">\n\t\t\t\t\t<div class=\"elementor-column elementor-col-100 elementor-top-column elementor-element elementor-element-514f21d\" data-id=\"514f21d\" data-element_type=\"column\">\n\t\t\t<div class=\"elementor-widget-wrap elementor-element-populated\">\n\t\t\t\t\t\t<div class=\"elementor-element elementor-element-6c277c1 elementor-widget elementor-widget-image\" data-id=\"6c277c1\" data-element_type=\"widget\" data-widget_type=\"image.default\">\n\t\t\t\t<div class=\"elementor-widget-container\">\n\t\t\t\t\t\t\t\t\t\t\t\t\t\t\t<img fetchpriority=\"high\" decoding=\"async\" width=\"1024\" height=\"391\" src=\"https:\/\/pablomor.com\/wp-content\/uploads\/2023\/03\/pablo-mor-proyectos-1024x391.jpg\" class=\"attachment-large size-large wp-image-1533\" alt=\"\" srcset=\"https:\/\/pablomor.com\/wp-content\/uploads\/2023\/03\/pablo-mor-proyectos-1024x391.jpg 1024w, https:\/\/pablomor.com\/wp-content\/uploads\/2023\/03\/pablo-mor-proyectos-300x115.jpg 300w, https:\/\/pablomor.com\/wp-content\/uploads\/2023\/03\/pablo-mor-proyectos-768x293.jpg 768w, https:\/\/pablomor.com\/wp-content\/uploads\/2023\/03\/pablo-mor-proyectos-1536x586.jpg 1536w, https:\/\/pablomor.com\/wp-content\/uploads\/2023\/03\/pablo-mor-proyectos.jpg 1870w\" sizes=\"(max-width: 1024px) 100vw, 1024px\" \/>\t\t\t\t\t\t\t\t\t\t\t\t\t\t\t<\/div>\n\t\t\t\t<\/div>\n\t\t\t\t<div class=\"elementor-element elementor-element-358b962d elementor-widget elementor-widget-heading\" data-id=\"358b962d\" data-element_type=\"widget\" data-widget_type=\"heading.default\">\n\t\t\t\t<div class=\"elementor-widget-container\">\n\t\t\t\t\t<h1 class=\"elementor-heading-title elementor-size-default\">My projects<\/h1>\t\t\t\t<\/div>\n\t\t\t\t<\/div>\n\t\t\t\t\t<\/div>\n\t\t<\/div>\n\t\t\t\t\t<\/div>\n\t\t<\/section>\n\t\t\t\t<section class=\"elementor-section elementor-top-section elementor-element elementor-element-5cc4937 elementor-section-boxed elementor-section-height-default elementor-section-height-default\" data-id=\"5cc4937\" data-element_type=\"section\">\n\t\t\t\t\t\t<div class=\"elementor-container elementor-column-gap-default\">\n\t\t\t\t\t<div class=\"elementor-column elementor-col-50 elementor-top-column elementor-element elementor-element-10cae40\" data-id=\"10cae40\" data-element_type=\"column\">\n\t\t\t<div class=\"elementor-widget-wrap elementor-element-populated\">\n\t\t\t\t\t\t<div class=\"elementor-element elementor-element-2ba4f9a elementor-widget elementor-widget-image\" data-id=\"2ba4f9a\" data-element_type=\"widget\" data-widget_type=\"image.default\">\n\t\t\t\t<div class=\"elementor-widget-container\">\n\t\t\t\t\t\t\t\t\t\t\t\t\t\t\t<img decoding=\"async\" width=\"1024\" height=\"991\" src=\"https:\/\/pablomor.com\/wp-content\/uploads\/2023\/04\/2-1-1024x991.jpg\" class=\"attachment-large size-large wp-image-1740\" alt=\"\" srcset=\"https:\/\/pablomor.com\/wp-content\/uploads\/2023\/04\/2-1-1024x991.jpg 1024w, https:\/\/pablomor.com\/wp-content\/uploads\/2023\/04\/2-1-300x290.jpg 300w, https:\/\/pablomor.com\/wp-content\/uploads\/2023\/04\/2-1-768x743.jpg 768w, https:\/\/pablomor.com\/wp-content\/uploads\/2023\/04\/2-1-12x12.jpg 12w, https:\/\/pablomor.com\/wp-content\/uploads\/2023\/04\/2-1.jpg 1226w\" sizes=\"(max-width: 1024px) 100vw, 1024px\" \/>\t\t\t\t\t\t\t\t\t\t\t\t\t\t\t<\/div>\n\t\t\t\t<\/div>\n\t\t\t\t\t<\/div>\n\t\t<\/div>\n\t\t\t\t<div class=\"elementor-column elementor-col-50 elementor-top-column elementor-element elementor-element-b34c64c\" data-id=\"b34c64c\" data-element_type=\"column\">\n\t\t\t<div class=\"elementor-widget-wrap elementor-element-populated\">\n\t\t\t\t\t\t<div class=\"elementor-element elementor-element-e7e2854 elementor-widget elementor-widget-text-editor\" data-id=\"e7e2854\" data-element_type=\"widget\" data-widget_type=\"text-editor.default\">\n\t\t\t\t<div class=\"elementor-widget-container\">\n\t\t\t\t\t\t\t\t\t<h3 style=\"text-align: center;\">Marimba Solo<\/h3><p>A wide variety of sounds, textures, sonorities and an extraordinary expressiveness merge to create an experience that is undoubtedly unique.<\/p><p>With marimba and percussion as the main motif and with help of electroacoustics, Pablo Mor creates his projects seeking an intimate connection with the public.<\/p>\t\t\t\t\t\t\t\t<\/div>\n\t\t\t\t<\/div>\n\t\t\t\t\t<\/div>\n\t\t<\/div>\n\t\t\t\t\t<\/div>\n\t\t<\/section>\n\t\t\t\t<section class=\"elementor-section elementor-top-section elementor-element elementor-element-3ff2fc8 elementor-section-stretched elementor-section-boxed elementor-section-height-default elementor-section-height-default\" data-id=\"3ff2fc8\" data-element_type=\"section\" data-settings=\"{&quot;background_background&quot;:&quot;classic&quot;,&quot;stretch_section&quot;:&quot;section-stretched&quot;}\">\n\t\t\t\t\t\t<div class=\"elementor-container elementor-column-gap-default\">\n\t\t\t\t\t<div class=\"elementor-column elementor-col-50 elementor-top-column elementor-element elementor-element-e889109\" data-id=\"e889109\" data-element_type=\"column\">\n\t\t\t<div class=\"elementor-widget-wrap elementor-element-populated\">\n\t\t\t\t\t\t<div class=\"elementor-element elementor-element-cc543a3 elementor-widget elementor-widget-image\" data-id=\"cc543a3\" data-element_type=\"widget\" data-widget_type=\"image.default\">\n\t\t\t\t<div class=\"elementor-widget-container\">\n\t\t\t\t\t\t\t\t\t\t\t\t\t\t\t<img decoding=\"async\" width=\"368\" height=\"368\" src=\"https:\/\/pablomor.com\/wp-content\/uploads\/2023\/03\/Duo-vio-mar.jpg\" class=\"attachment-large size-large wp-image-1265\" alt=\"\" srcset=\"https:\/\/pablomor.com\/wp-content\/uploads\/2023\/03\/Duo-vio-mar.jpg 368w, https:\/\/pablomor.com\/wp-content\/uploads\/2023\/03\/Duo-vio-mar-300x300.jpg 300w, https:\/\/pablomor.com\/wp-content\/uploads\/2023\/03\/Duo-vio-mar-150x150.jpg 150w\" sizes=\"(max-width: 368px) 100vw, 368px\" \/>\t\t\t\t\t\t\t\t\t\t\t\t\t\t\t<\/div>\n\t\t\t\t<\/div>\n\t\t\t\t\t<\/div>\n\t\t<\/div>\n\t\t\t\t<div class=\"elementor-column elementor-col-50 elementor-top-column elementor-element elementor-element-eaa83b1\" data-id=\"eaa83b1\" data-element_type=\"column\">\n\t\t\t<div class=\"elementor-widget-wrap elementor-element-populated\">\n\t\t\t\t\t\t<div class=\"elementor-element elementor-element-04834e0 elementor-widget elementor-widget-text-editor\" data-id=\"04834e0\" data-element_type=\"widget\" data-widget_type=\"text-editor.default\">\n\t\t\t\t<div class=\"elementor-widget-container\">\n\t\t\t\t\t\t\t\t\t<h3 style=\"text-align: center;\"><span style=\"color: var(--ast-global-color-2); font-size: 2rem; font-style: inherit;\">Sonor(Us) Duo<\/span><br><\/h3>\n<p style=\"text-align: left;\">Junto a la violinista Julia Ferriol<\/p>\n<p>\u201cMusic Mundi\u201d is a project created with the aim of offering a different, innovative, diverse and multicultural experience to the audience.<\/p>\n<p>The characteristic timbre of the violin and the marimba will be harmonized in a single sound full of textures and colors, playing well known works as Johann Sebastian Bach\u2019s Inventios or Astor Piazzolla\u2019s History of Tango.<\/p>\n<p>A musical and visual journey through the cultures and traditions of completely different countries that will offer a unique experience.<\/p>\t\t\t\t\t\t\t\t<\/div>\n\t\t\t\t<\/div>\n\t\t\t\t\t<\/div>\n\t\t<\/div>\n\t\t\t\t\t<\/div>\n\t\t<\/section>\n\t\t\t\t<section class=\"elementor-section elementor-top-section elementor-element elementor-element-a8fd60a elementor-section-boxed elementor-section-height-default elementor-section-height-default\" data-id=\"a8fd60a\" data-element_type=\"section\">\n\t\t\t\t\t\t<div class=\"elementor-container elementor-column-gap-default\">\n\t\t\t\t\t<div class=\"elementor-column elementor-col-50 elementor-top-column elementor-element elementor-element-68a9073\" data-id=\"68a9073\" data-element_type=\"column\">\n\t\t\t<div class=\"elementor-widget-wrap elementor-element-populated\">\n\t\t\t\t\t\t<div class=\"elementor-element elementor-element-964014a elementor-widget elementor-widget-image\" data-id=\"964014a\" data-element_type=\"widget\" data-widget_type=\"image.default\">\n\t\t\t\t<div class=\"elementor-widget-container\">\n\t\t\t\t\t\t\t\t\t\t\t\t\t\t\t<img decoding=\"async\" src=\"https:\/\/pablomor.com\/wp-content\/uploads\/2024\/04\/pablomor_maramduo-e1712323883722.jpg\" title=\"pablomor_maramduo\" alt=\"pablomor_maramduo\" loading=\"lazy\" \/>\t\t\t\t\t\t\t\t\t\t\t\t\t\t\t<\/div>\n\t\t\t\t<\/div>\n\t\t\t\t\t<\/div>\n\t\t<\/div>\n\t\t\t\t<div class=\"elementor-column elementor-col-50 elementor-top-column elementor-element elementor-element-a8e816a\" data-id=\"a8e816a\" data-element_type=\"column\">\n\t\t\t<div class=\"elementor-widget-wrap elementor-element-populated\">\n\t\t\t\t\t\t<div class=\"elementor-element elementor-element-9c8a294 elementor-widget elementor-widget-text-editor\" data-id=\"9c8a294\" data-element_type=\"widget\" data-widget_type=\"text-editor.default\">\n\t\t\t\t<div class=\"elementor-widget-container\">\n\t\t\t\t\t\t\t\t\t<h3 style=\"text-align: center;\">&nbsp;MaraM Duo<\/h3>\n<p><span style=\"background-color: var(--ast-global-color-4); color: var(--ast-global-color-3); font-style: inherit; font-weight: inherit;\">Un proyecto dedicado a la difusi\u00f3n de la marimba como instrumento de grandes capacidades t\u00e9cnicas junto al marimbista alicantino Kiko Asensi.&nbsp;<\/span><\/p>\n<p>Desde la m\u00fasica m\u00e1s antigua a la m\u00fasica contempor\u00e1nea y con estilos como el barroco, el tango, el minimalismo o el rock.<\/p>\n<p>A proposal that is born from our deepest emotions.<\/p>\t\t\t\t\t\t\t\t<\/div>\n\t\t\t\t<\/div>\n\t\t\t\t\t<\/div>\n\t\t<\/div>\n\t\t\t\t\t<\/div>\n\t\t<\/section>\n\t\t\t\t<\/div>","protected":false},"excerpt":{"rendered":"<p>Mis proyectos Marimba Solo La marimba, un instrumento con un amplio abanico de texturas y sonoridades. \u00c9stas caracter\u00edsticas se fusionan con una extraordinaria expresividad para crear una experiencia sin duda [&hellip;]<\/p>","protected":false},"author":1,"featured_media":0,"parent":0,"menu_order":0,"comment_status":"closed","ping_status":"closed","template":"","meta":{"_uag_custom_page_level_css":"","site-sidebar-layout":"no-sidebar","site-content-layout":"page-builder","ast-site-content-layout":"default","site-content-style":"default","site-sidebar-style":"default","ast-global-header-display":"","ast-banner-title-visibility":"","ast-main-header-display":"","ast-hfb-above-header-display":"","ast-hfb-below-header-display":"","ast-hfb-mobile-header-display":"","site-post-title":"disabled","ast-breadcrumbs-content":"","ast-featured-img":"disabled","footer-sml-layout":"","theme-transparent-header-meta":"default","adv-header-id-meta":"","stick-header-meta":"","header-above-stick-meta":"","header-main-stick-meta":"","header-below-stick-meta":"","astra-migrate-meta-layouts":"default","ast-page-background-enabled":"default","ast-page-background-meta":{"desktop":{"background-color":"","background-image":"","background-repeat":"repeat","background-position":"center center","background-size":"auto","background-attachment":"scroll","background-type":"","background-media":"","overlay-type":"","overlay-color":"","overlay-opacity":"","overlay-gradient":""},"tablet":{"background-color":"","background-image":"","background-repeat":"repeat","background-position":"center center","background-size":"auto","background-attachment":"scroll","background-type":"","background-media":"","overlay-type":"","overlay-color":"","overlay-opacity":"","overlay-gradient":""},"mobile":{"background-color":"","background-image":"","background-repeat":"repeat","background-position":"center center","background-size":"auto","background-attachment":"scroll","background-type":"","background-media":"","overlay-type":"","overlay-color":"","overlay-opacity":"","overlay-gradient":""}},"ast-content-background-meta":{"desktop":{"background-color":"var(--ast-global-color-5)","background-image":"","background-repeat":"repeat","background-position":"center center","background-size":"auto","background-attachment":"scroll","background-type":"","background-media":"","overlay-type":"","overlay-color":"","overlay-opacity":"","overlay-gradient":""},"tablet":{"background-color":"var(--ast-global-color-5)","background-image":"","background-repeat":"repeat","background-position":"center center","background-size":"auto","background-attachment":"scroll","background-type":"","background-media":"","overlay-type":"","overlay-color":"","overlay-opacity":"","overlay-gradient":""},"mobile":{"background-color":"var(--ast-global-color-5)","background-image":"","background-repeat":"repeat","background-position":"center center","background-size":"auto","background-attachment":"scroll","background-type":"","background-media":"","overlay-type":"","overlay-color":"","overlay-opacity":"","overlay-gradient":""}},"footnotes":""},"class_list":["post-1483","page","type-page","status-publish","hentry"],"yoast_head":"<!-- This site is optimized with the Yoast SEO plugin v26.5 - https:\/\/yoast.com\/wordpress\/plugins\/seo\/ -->\n<title>Mis Proyectos de Pablo Mor \/ Marimba &amp; Percusi\u00f3n<\/title>\n<meta name=\"description\" content=\"Entra para ver los proyectos donde estoy inmerso actualmente. Proyectos en solitario y con otros grandes artistas.\" \/>\n<meta name=\"robots\" content=\"index, follow, max-snippet:-1, max-image-preview:large, max-video-preview:-1\" \/>\n<link rel=\"canonical\" href=\"https:\/\/pablomor.com\/en\/mis-proyectos\/\" \/>\n<meta property=\"og:locale\" content=\"en_GB\" \/>\n<meta property=\"og:type\" content=\"article\" \/>\n<meta property=\"og:title\" content=\"Mis Proyectos de Pablo Mor \/ Marimba &amp; Percusi\u00f3n\" \/>\n<meta property=\"og:description\" content=\"Entra para ver los proyectos donde estoy inmerso actualmente. Proyectos en solitario y con otros grandes artistas.\" \/>\n<meta property=\"og:url\" content=\"https:\/\/pablomor.com\/en\/mis-proyectos\/\" \/>\n<meta property=\"og:site_name\" content=\"Pablo Mor\" \/>\n<meta property=\"article:publisher\" content=\"http:\/\/www.facebook.com\/pablo.mor.lillo\" \/>\n<meta property=\"article:modified_time\" content=\"2024-04-05T13:34:42+00:00\" \/>\n<meta property=\"og:image\" content=\"https:\/\/pablomor.com\/wp-content\/uploads\/2023\/03\/pablo-mor-proyectos-1024x391.jpg\" \/>\n<meta name=\"twitter:card\" content=\"summary_large_image\" \/>\n<meta name=\"twitter:site\" content=\"@pablomrlo\" \/>\n<meta name=\"twitter:label1\" content=\"Estimated reading time\" \/>\n\t<meta name=\"twitter:data1\" content=\"2 minutes\" \/>\n<script type=\"application\/ld+json\" class=\"yoast-schema-graph\">{\"@context\":\"https:\/\/schema.org\",\"@graph\":[{\"@type\":\"WebPage\",\"@id\":\"https:\/\/pablomor.com\/mis-proyectos\/\",\"url\":\"https:\/\/pablomor.com\/mis-proyectos\/\",\"name\":\"Mis Proyectos de Pablo Mor \/ Marimba & Percusi\u00f3n\",\"isPartOf\":{\"@id\":\"https:\/\/pablomor.com\/#website\"},\"primaryImageOfPage\":{\"@id\":\"https:\/\/pablomor.com\/mis-proyectos\/#primaryimage\"},\"image\":{\"@id\":\"https:\/\/pablomor.com\/mis-proyectos\/#primaryimage\"},\"thumbnailUrl\":\"https:\/\/pablomor.com\/wp-content\/uploads\/2023\/03\/pablo-mor-proyectos-1024x391.jpg\",\"datePublished\":\"2023-03-16T11:38:46+00:00\",\"dateModified\":\"2024-04-05T13:34:42+00:00\",\"description\":\"Entra para ver los proyectos donde estoy inmerso actualmente. Proyectos en solitario y con otros grandes artistas.\",\"breadcrumb\":{\"@id\":\"https:\/\/pablomor.com\/mis-proyectos\/#breadcrumb\"},\"inLanguage\":\"en-GB\",\"potentialAction\":[{\"@type\":\"ReadAction\",\"target\":[\"https:\/\/pablomor.com\/mis-proyectos\/\"]}]},{\"@type\":\"ImageObject\",\"inLanguage\":\"en-GB\",\"@id\":\"https:\/\/pablomor.com\/mis-proyectos\/#primaryimage\",\"url\":\"https:\/\/pablomor.com\/wp-content\/uploads\/2023\/03\/pablo-mor-proyectos-1024x391.jpg\",\"contentUrl\":\"https:\/\/pablomor.com\/wp-content\/uploads\/2023\/03\/pablo-mor-proyectos-1024x391.jpg\"},{\"@type\":\"BreadcrumbList\",\"@id\":\"https:\/\/pablomor.com\/mis-proyectos\/#breadcrumb\",\"itemListElement\":[{\"@type\":\"ListItem\",\"position\":1,\"name\":\"Portada\",\"item\":\"https:\/\/pablomor.com\/\"},{\"@type\":\"ListItem\",\"position\":2,\"name\":\"Mis proyectos\"}]},{\"@type\":\"WebSite\",\"@id\":\"https:\/\/pablomor.com\/#website\",\"url\":\"https:\/\/pablomor.com\/\",\"name\":\"Pablo Mor\",\"description\":\"Marimba &amp; Percusi\u00f3n\",\"publisher\":{\"@id\":\"https:\/\/pablomor.com\/#organization\"},\"potentialAction\":[{\"@type\":\"SearchAction\",\"target\":{\"@type\":\"EntryPoint\",\"urlTemplate\":\"https:\/\/pablomor.com\/?s={search_term_string}\"},\"query-input\":{\"@type\":\"PropertyValueSpecification\",\"valueRequired\":true,\"valueName\":\"search_term_string\"}}],\"inLanguage\":\"en-GB\"},{\"@type\":\"Organization\",\"@id\":\"https:\/\/pablomor.com\/#organization\",\"name\":\"Pablo Mor\",\"url\":\"https:\/\/pablomor.com\/\",\"logo\":{\"@type\":\"ImageObject\",\"inLanguage\":\"en-GB\",\"@id\":\"https:\/\/pablomor.com\/#\/schema\/logo\/image\/\",\"url\":\"https:\/\/pablomor.com\/wp-content\/uploads\/2023\/03\/logo_pablomor.png\",\"contentUrl\":\"https:\/\/pablomor.com\/wp-content\/uploads\/2023\/03\/logo_pablomor.png\",\"width\":500,\"height\":150,\"caption\":\"Pablo Mor\"},\"image\":{\"@id\":\"https:\/\/pablomor.com\/#\/schema\/logo\/image\/\"},\"sameAs\":[\"http:\/\/www.facebook.com\/pablo.mor.lillo\",\"https:\/\/x.com\/pablomrlo\",\"https:\/\/www.instagram.com\/pablomrlo\/\",\"https:\/\/twitter.com\/pablomrlo\"]}]}<\/script>\n<!-- \/ Yoast SEO plugin. -->","yoast_head_json":{"title":"Mis Proyectos de Pablo Mor \/ Marimba & Percusi\u00f3n","description":"Entra para ver los proyectos donde estoy inmerso actualmente. Proyectos en solitario y con otros grandes artistas.","robots":{"index":"index","follow":"follow","max-snippet":"max-snippet:-1","max-image-preview":"max-image-preview:large","max-video-preview":"max-video-preview:-1"},"canonical":"https:\/\/pablomor.com\/en\/mis-proyectos\/","og_locale":"en_GB","og_type":"article","og_title":"Mis Proyectos de Pablo Mor \/ Marimba & Percusi\u00f3n","og_description":"Entra para ver los proyectos donde estoy inmerso actualmente. Proyectos en solitario y con otros grandes artistas.","og_url":"https:\/\/pablomor.com\/en\/mis-proyectos\/","og_site_name":"Pablo Mor","article_publisher":"http:\/\/www.facebook.com\/pablo.mor.lillo","article_modified_time":"2024-04-05T13:34:42+00:00","og_image":[{"url":"https:\/\/pablomor.com\/wp-content\/uploads\/2023\/03\/pablo-mor-proyectos-1024x391.jpg","type":"","width":"","height":""}],"twitter_card":"summary_large_image","twitter_site":"@pablomrlo","twitter_misc":{"Estimated reading time":"2 minutes"},"schema":{"@context":"https:\/\/schema.org","@graph":[{"@type":"WebPage","@id":"https:\/\/pablomor.com\/mis-proyectos\/","url":"https:\/\/pablomor.com\/mis-proyectos\/","name":"Mis Proyectos de Pablo Mor \/ Marimba & Percusi\u00f3n","isPartOf":{"@id":"https:\/\/pablomor.com\/#website"},"primaryImageOfPage":{"@id":"https:\/\/pablomor.com\/mis-proyectos\/#primaryimage"},"image":{"@id":"https:\/\/pablomor.com\/mis-proyectos\/#primaryimage"},"thumbnailUrl":"https:\/\/pablomor.com\/wp-content\/uploads\/2023\/03\/pablo-mor-proyectos-1024x391.jpg","datePublished":"2023-03-16T11:38:46+00:00","dateModified":"2024-04-05T13:34:42+00:00","description":"Entra para ver los proyectos donde estoy inmerso actualmente. Proyectos en solitario y con otros grandes artistas.","breadcrumb":{"@id":"https:\/\/pablomor.com\/mis-proyectos\/#breadcrumb"},"inLanguage":"en-GB","potentialAction":[{"@type":"ReadAction","target":["https:\/\/pablomor.com\/mis-proyectos\/"]}]},{"@type":"ImageObject","inLanguage":"en-GB","@id":"https:\/\/pablomor.com\/mis-proyectos\/#primaryimage","url":"https:\/\/pablomor.com\/wp-content\/uploads\/2023\/03\/pablo-mor-proyectos-1024x391.jpg","contentUrl":"https:\/\/pablomor.com\/wp-content\/uploads\/2023\/03\/pablo-mor-proyectos-1024x391.jpg"},{"@type":"BreadcrumbList","@id":"https:\/\/pablomor.com\/mis-proyectos\/#breadcrumb","itemListElement":[{"@type":"ListItem","position":1,"name":"Portada","item":"https:\/\/pablomor.com\/"},{"@type":"ListItem","position":2,"name":"Mis proyectos"}]},{"@type":"WebSite","@id":"https:\/\/pablomor.com\/#website","url":"https:\/\/pablomor.com\/","name":"Pablo Mor","description":"Marimba &amp; Percusi\u00f3n","publisher":{"@id":"https:\/\/pablomor.com\/#organization"},"potentialAction":[{"@type":"SearchAction","target":{"@type":"EntryPoint","urlTemplate":"https:\/\/pablomor.com\/?s={search_term_string}"},"query-input":{"@type":"PropertyValueSpecification","valueRequired":true,"valueName":"search_term_string"}}],"inLanguage":"en-GB"},{"@type":"Organization","@id":"https:\/\/pablomor.com\/#organization","name":"Pablo Mor","url":"https:\/\/pablomor.com\/","logo":{"@type":"ImageObject","inLanguage":"en-GB","@id":"https:\/\/pablomor.com\/#\/schema\/logo\/image\/","url":"https:\/\/pablomor.com\/wp-content\/uploads\/2023\/03\/logo_pablomor.png","contentUrl":"https:\/\/pablomor.com\/wp-content\/uploads\/2023\/03\/logo_pablomor.png","width":500,"height":150,"caption":"Pablo Mor"},"image":{"@id":"https:\/\/pablomor.com\/#\/schema\/logo\/image\/"},"sameAs":["http:\/\/www.facebook.com\/pablo.mor.lillo","https:\/\/x.com\/pablomrlo","https:\/\/www.instagram.com\/pablomrlo\/","https:\/\/twitter.com\/pablomrlo"]}]}},"uagb_featured_image_src":{"full":false,"thumbnail":false,"medium":false,"medium_large":false,"large":false,"1536x1536":false,"2048x2048":false,"trp-custom-language-flag":false},"uagb_author_info":{"display_name":"admin","author_link":"https:\/\/pablomor.com\/en\/author\/joseluisabril_nv5ivjjy\/"},"uagb_comment_info":0,"uagb_excerpt":"Mis proyectos Marimba Solo La marimba, un instrumento con un amplio abanico de texturas y sonoridades. \u00c9stas caracter\u00edsticas se fusionan con una extraordinaria expresividad para crear una experiencia sin duda [&hellip;]","_links":{"self":[{"href":"https:\/\/pablomor.com\/en\/wp-json\/wp\/v2\/pages\/1483","targetHints":{"allow":["GET"]}}],"collection":[{"href":"https:\/\/pablomor.com\/en\/wp-json\/wp\/v2\/pages"}],"about":[{"href":"https:\/\/pablomor.com\/en\/wp-json\/wp\/v2\/types\/page"}],"author":[{"embeddable":true,"href":"https:\/\/pablomor.com\/en\/wp-json\/wp\/v2\/users\/1"}],"replies":[{"embeddable":true,"href":"https:\/\/pablomor.com\/en\/wp-json\/wp\/v2\/comments?post=1483"}],"version-history":[{"count":0,"href":"https:\/\/pablomor.com\/en\/wp-json\/wp\/v2\/pages\/1483\/revisions"}],"wp:attachment":[{"href":"https:\/\/pablomor.com\/en\/wp-json\/wp\/v2\/media?parent=1483"}],"curies":[{"name":"wp","href":"https:\/\/api.w.org\/{rel}","templated":true}]}}