{"id":575,"date":"2021-02-20T13:59:24","date_gmt":"2021-02-20T12:59:24","guid":{"rendered":"https:\/\/pablomor.ecocartas.com\/about\/"},"modified":"2023-04-12T10:20:33","modified_gmt":"2023-04-12T09:20:33","slug":"biografia","status":"publish","type":"page","link":"https:\/\/pablomor.com\/en\/biografia\/","title":{"rendered":"Biography"},"content":{"rendered":"<div data-elementor-type=\"wp-page\" data-elementor-id=\"575\" class=\"elementor elementor-575\" data-elementor-post-type=\"page\">\n\t\t\t\t\t\t<section class=\"elementor-section elementor-top-section elementor-element elementor-element-79a4156 elementor-section-full_width elementor-section-stretched elementor-section-height-default elementor-section-height-default\" data-id=\"79a4156\" data-element_type=\"section\" data-settings=\"{&quot;stretch_section&quot;:&quot;section-stretched&quot;,&quot;background_background&quot;:&quot;classic&quot;}\">\n\t\t\t\t\t\t<div class=\"elementor-container elementor-column-gap-default\">\n\t\t\t\t\t<div class=\"elementor-column elementor-col-100 elementor-top-column elementor-element elementor-element-c0b4196\" data-id=\"c0b4196\" data-element_type=\"column\">\n\t\t\t<div class=\"elementor-widget-wrap elementor-element-populated\">\n\t\t\t\t\t\t<div class=\"elementor-element elementor-element-3ccabe7 elementor-widget elementor-widget-image\" data-id=\"3ccabe7\" data-element_type=\"widget\" data-widget_type=\"image.default\">\n\t\t\t\t<div class=\"elementor-widget-container\">\n\t\t\t\t\t\t\t\t\t\t\t\t\t\t\t<img fetchpriority=\"high\" decoding=\"async\" width=\"1024\" height=\"391\" src=\"https:\/\/pablomor.com\/wp-content\/uploads\/2023\/03\/pablo-mor-biografia-1024x391.jpg\" class=\"attachment-large size-large wp-image-1552\" alt=\"\" srcset=\"\" sizes=\"(max-width: 1024px) 100vw, 1024px\" data-srcset=\"\" \/>\t\t\t\t\t\t\t\t\t\t\t\t\t\t\t<\/div>\n\t\t\t\t<\/div>\n\t\t\t\t\t<\/div>\n\t\t<\/div>\n\t\t\t\t\t<\/div>\n\t\t<\/section>\n\t\t\t\t<section class=\"elementor-section elementor-top-section elementor-element elementor-element-af1aa2c elementor-section-boxed elementor-section-height-default elementor-section-height-default\" data-id=\"af1aa2c\" data-element_type=\"section\">\n\t\t\t\t\t\t<div class=\"elementor-container elementor-column-gap-no\">\n\t\t\t\t\t<div class=\"elementor-column elementor-col-100 elementor-top-column elementor-element elementor-element-f25f38c\" data-id=\"f25f38c\" data-element_type=\"column\">\n\t\t\t<div class=\"elementor-widget-wrap elementor-element-populated\">\n\t\t\t\t\t\t<div class=\"elementor-element elementor-element-3c5fccc elementor-widget elementor-widget-heading\" data-id=\"3c5fccc\" data-element_type=\"widget\" data-widget_type=\"heading.default\">\n\t\t\t\t<div class=\"elementor-widget-container\">\n\t\t\t\t\t<h2 class=\"elementor-heading-title elementor-size-default\">Pablo Mor<br>\nMarimba &amp; Percusi\u00f3n<\/h2>\t\t\t\t<\/div>\n\t\t\t\t<\/div>\n\t\t\t\t<div class=\"elementor-element elementor-element-2c4072e elementor-widget-divider--view-line elementor-widget elementor-widget-divider\" data-id=\"2c4072e\" data-element_type=\"widget\" data-widget_type=\"divider.default\">\n\t\t\t\t<div class=\"elementor-widget-container\">\n\t\t\t\t\t\t\t<div class=\"elementor-divider\">\n\t\t\t<span class=\"elementor-divider-separator\">\n\t\t\t\t\t\t<\/span>\n\t\t<\/div>\n\t\t\t\t\t\t<\/div>\n\t\t\t\t<\/div>\n\t\t\t\t<div class=\"elementor-element elementor-element-5276c43 elementor-widget elementor-widget-text-editor\" data-id=\"5276c43\" data-element_type=\"widget\" data-widget_type=\"text-editor.default\">\n\t\t\t\t<div class=\"elementor-widget-container\">\n\t\t\t\t\t\t\t\t\t<p>His young career as a soloist has taken him to perform in different countries around Europe. He has given both chamber music and solo recitals in cities such as Warsaw, Gda\u0144sk, Copenhagen, Amsterdam, Nuremberg, Detmold, Bilbao, Valencia and Alicante. Pablo made his debut as a soloist at the age of 18 with the Godella Chamber Orchestra, performing several concerts with the group and his debut with the \u201cElbl\u0105ska Orkiestra Kameralna\u201d in Poland last May 2021.<\/p><p>He has also participated in some of the most important events on the marimba scene, such as the \u201cAmsterdam Marimba Weekend\u201d in Holland, the \u201cInternational Katarzyna Mycka Marimba Academy\u201d in Poland, where he also performed the premiere of a new work for marimba trio, and the \u201cFair Saturday\u201d charity event in Spain, among others. He also appears at percussion festivals such as \u201cPercussion Pulse 2020\u201d in Copenhagen and \u201cDays of Percussion\u201d in Nuremberg together with the percussion ensemble of the Gda\u0144sk academy. He carries out a large chamber music activity, performing with groups as Marimba Quartet and creating projects with the collaboration of international musicians.<\/p>\t\t\t\t\t\t\t\t<\/div>\n\t\t\t\t<\/div>\n\t\t\t\t\t<\/div>\n\t\t<\/div>\n\t\t\t\t\t<\/div>\n\t\t<\/section>\n\t\t\t\t<section class=\"elementor-section elementor-top-section elementor-element elementor-element-05000dc elementor-section-boxed elementor-section-height-default elementor-section-height-default\" data-id=\"05000dc\" data-element_type=\"section\">\n\t\t\t\t\t\t<div class=\"elementor-container elementor-column-gap-default\">\n\t\t\t\t\t<div class=\"elementor-column elementor-col-100 elementor-top-column elementor-element elementor-element-2018a7e\" data-id=\"2018a7e\" data-element_type=\"column\">\n\t\t\t<div class=\"elementor-widget-wrap elementor-element-populated\">\n\t\t\t\t\t\t<div class=\"elementor-element elementor-element-88b853b elementor-widget elementor-widget-video\" data-id=\"88b853b\" data-element_type=\"widget\" data-settings=\"{&quot;youtube_url&quot;:&quot;https:\\\/\\\/youtu.be\\\/DHimwwFQfNE&quot;,&quot;show_image_overlay&quot;:&quot;yes&quot;,&quot;image_overlay&quot;:{&quot;url&quot;:&quot;https:\\\/\\\/pablomor.com\\\/wp-content\\\/uploads\\\/2023\\\/03\\\/event-bg-1536px.jpeg&quot;,&quot;id&quot;:1261,&quot;size&quot;:&quot;&quot;,&quot;alt&quot;:&quot;&quot;,&quot;source&quot;:&quot;library&quot;},&quot;video_type&quot;:&quot;youtube&quot;,&quot;controls&quot;:&quot;yes&quot;}\" data-widget_type=\"video.default\">\n\t\t\t\t<div class=\"elementor-widget-container\">\n\t\t\t\t\t\t\t<div class=\"elementor-wrapper elementor-open-inline\">\n\t\t\t<div class=\"elementor-video\"><\/div>\t\t\t\t<div class=\"elementor-custom-embed-image-overlay\" style=\"background-image: url(https:\/\/pablomor.com\/wp-content\/uploads\/2023\/03\/event-bg-1536px.jpeg);\">\n\t\t\t\t\t\t\t\t\t\t\t\t\t\t\t\t<div class=\"elementor-custom-embed-play\" role=\"button\" aria-label=\"Play video\" tabindex=\"0\" data-no-translation-aria-label=\"\">\n\t\t\t\t\t\t\t<i aria-hidden=\"true\" class=\"eicon-play\"><\/i>\t\t\t\t\t\t<\/div>\n\t\t\t\t\t\t\t\t\t<\/div>\n\t\t\t\t\t<\/div>\n\t\t\t\t\t\t<\/div>\n\t\t\t\t<\/div>\n\t\t\t\t\t<\/div>\n\t\t<\/div>\n\t\t\t\t\t<\/div>\n\t\t<\/section>\n\t\t\t\t<section class=\"elementor-section elementor-top-section elementor-element elementor-element-1814743 elementor-section-boxed elementor-section-height-default elementor-section-height-default\" data-id=\"1814743\" data-element_type=\"section\">\n\t\t\t\t\t\t<div class=\"elementor-container elementor-column-gap-no\">\n\t\t\t\t\t<div class=\"elementor-column elementor-col-100 elementor-top-column elementor-element elementor-element-dc2035d\" data-id=\"dc2035d\" data-element_type=\"column\">\n\t\t\t<div class=\"elementor-widget-wrap elementor-element-populated\">\n\t\t\t\t\t\t<div class=\"elementor-element elementor-element-5334458 elementor-widget-divider--view-line elementor-widget elementor-widget-divider\" data-id=\"5334458\" data-element_type=\"widget\" data-widget_type=\"divider.default\">\n\t\t\t\t<div class=\"elementor-widget-container\">\n\t\t\t\t\t\t\t<div class=\"elementor-divider\">\n\t\t\t<span class=\"elementor-divider-separator\">\n\t\t\t\t\t\t<\/span>\n\t\t<\/div>\n\t\t\t\t\t\t<\/div>\n\t\t\t\t<\/div>\n\t\t\t\t<div class=\"elementor-element elementor-element-9b11ef0 elementor-widget elementor-widget-text-editor\" data-id=\"9b11ef0\" data-element_type=\"widget\" data-widget_type=\"text-editor.default\">\n\t\t\t\t<div class=\"elementor-widget-container\">\n\t\t\t\t\t\t\t\t\t<p>Born in Valencia, he began to study music and percussion at the age of five, finishing his bachelor studies at the \u201cConservatorio Superior de M\u00fasica Joaqu\u00edn Rodrigo\u201d in Valencia, attending an academic year at the \u201cHochschule f\u00fcr Musik Detmold\u201d, Germany, where he studied with the percussionist Peter Prommel and the marimba player Fumito Nunoya. Two years later, he completed his master\u2019s studies with honours at the \u201cAkademia Muzyczna im. Stanis\u0142awa Moniuszki\u201d in Gda\u0144sk under the tutelage of the international marimba player Katarzyna My\u0107ka.<\/p><p>During his years of studies, he participated in numerous masterclasses of educators and soloists from all over the world, and with the constant work together with soloist Conrado Moya, he obtained important awards in national and international competitions such as \u201cXXIII Benidorm International Music Competition\u201d Spain (2022), \u201cMarimba-Festiva International Competition\u201d, Germany (2016 and 2021), \u201cOPUS International Music Competition\u201d Poland (2021) and \u201cMusic Competition for Keyboard Instruments\u201d Spain (2020) among others.<\/p><p>Since 2021, Pablo Mor is also active as a teacher in private academies in Valencia, highlighting his collaboration with the academy \u201cPercuSons\u201d as a specialised marimba teacher.<\/p><p>Pablo Mor represents the American marimba brand Marimba One.\u00a0<em>Marimba One.<\/em><\/p>\t\t\t\t\t\t\t\t<\/div>\n\t\t\t\t<\/div>\n\t\t\t\t\t<\/div>\n\t\t<\/div>\n\t\t\t\t\t<\/div>\n\t\t<\/section>\n\t\t\t\t<section class=\"elementor-section elementor-top-section elementor-element elementor-element-06fcf50 elementor-section-boxed elementor-section-height-default elementor-section-height-default\" data-id=\"06fcf50\" data-element_type=\"section\" data-settings=\"{&quot;background_background&quot;:&quot;classic&quot;}\">\n\t\t\t\t\t\t<div class=\"elementor-container elementor-column-gap-no\">\n\t\t\t\t\t<div class=\"elementor-column elementor-col-100 elementor-top-column elementor-element elementor-element-c7b39a1\" data-id=\"c7b39a1\" data-element_type=\"column\">\n\t\t\t<div class=\"elementor-widget-wrap elementor-element-populated\">\n\t\t\t\t\t\t<section class=\"elementor-section elementor-inner-section elementor-element elementor-element-aa73948 elementor-reverse-mobile elementor-section-boxed elementor-section-height-default elementor-section-height-default\" data-id=\"aa73948\" data-element_type=\"section\">\n\t\t\t\t\t\t<div class=\"elementor-container elementor-column-gap-no\">\n\t\t\t\t\t<div class=\"elementor-column elementor-col-33 elementor-inner-column elementor-element elementor-element-f8c56a5\" data-id=\"f8c56a5\" data-element_type=\"column\">\n\t\t\t<div class=\"elementor-widget-wrap elementor-element-populated\">\n\t\t\t\t\t\t<div class=\"elementor-element elementor-element-da55c51 elementor-widget elementor-widget-image\" data-id=\"da55c51\" data-element_type=\"widget\" data-widget_type=\"image.default\">\n\t\t\t\t<div class=\"elementor-widget-container\">\n\t\t\t\t\t\t\t\t\t\t\t\t\t\t\t<img decoding=\"async\" width=\"400\" height=\"400\" src=\"https:\/\/pablomor.com\/wp-content\/uploads\/2023\/03\/galeria-pablo-mor.jpg\" class=\"attachment-full size-full wp-image-1283\" alt=\"\" srcset=\"https:\/\/pablomor.com\/wp-content\/uploads\/2023\/03\/galeria-pablo-mor.jpg 400w, https:\/\/pablomor.com\/wp-content\/uploads\/2023\/03\/galeria-pablo-mor-300x300.jpg 300w, https:\/\/pablomor.com\/wp-content\/uploads\/2023\/03\/galeria-pablo-mor-150x150.jpg 150w\" sizes=\"(max-width: 400px) 100vw, 400px\" \/>\t\t\t\t\t\t\t\t\t\t\t\t\t\t\t<\/div>\n\t\t\t\t<\/div>\n\t\t\t\t\t<\/div>\n\t\t<\/div>\n\t\t\t\t<div class=\"elementor-column elementor-col-33 elementor-inner-column elementor-element elementor-element-ab6cf51\" data-id=\"ab6cf51\" data-element_type=\"column\">\n\t\t\t<div class=\"elementor-widget-wrap elementor-element-populated\">\n\t\t\t\t\t\t<div class=\"elementor-element elementor-element-87ac988 elementor-widget elementor-widget-heading\" data-id=\"87ac988\" data-element_type=\"widget\" data-widget_type=\"heading.default\">\n\t\t\t\t<div class=\"elementor-widget-container\">\n\t\t\t\t\t<h2 class=\"elementor-heading-title elementor-size-default\">Enter my gallery<\/h2>\t\t\t\t<\/div>\n\t\t\t\t<\/div>\n\t\t\t\t<div class=\"elementor-element elementor-element-35cfa28 elementor-widget-divider--view-line elementor-widget elementor-widget-divider\" data-id=\"35cfa28\" data-element_type=\"widget\" data-widget_type=\"divider.default\">\n\t\t\t\t<div class=\"elementor-widget-container\">\n\t\t\t\t\t\t\t<div class=\"elementor-divider\">\n\t\t\t<span class=\"elementor-divider-separator\">\n\t\t\t\t\t\t<\/span>\n\t\t<\/div>\n\t\t\t\t\t\t<\/div>\n\t\t\t\t<\/div>\n\t\t\t\t<div class=\"elementor-element elementor-element-85653c3 elementor-widget elementor-widget-text-editor\" data-id=\"85653c3\" data-element_type=\"widget\" data-widget_type=\"text-editor.default\">\n\t\t\t\t<div class=\"elementor-widget-container\">\n\t\t\t\t\t\t\t\t\t<p>By clicking on the following link you can enter my photo and video gallery that I complete after each performance.<\/p><p>I invite you to enter and see my latest audiovisual content.<\/p>\t\t\t\t\t\t\t\t<\/div>\n\t\t\t\t<\/div>\n\t\t\t\t<div class=\"elementor-element elementor-element-4ede072 elementor-widget elementor-widget-button\" data-id=\"4ede072\" data-element_type=\"widget\" data-widget_type=\"button.default\">\n\t\t\t\t<div class=\"elementor-widget-container\">\n\t\t\t\t\t\t\t\t\t<div class=\"elementor-button-wrapper\">\n\t\t\t\t\t<a class=\"elementor-button elementor-size-sm\" role=\"button\">\n\t\t\t\t\t\t<span class=\"elementor-button-content-wrapper\">\n\t\t\t\t\t\t<span class=\"elementor-button-icon\">\n\t\t\t\t<i aria-hidden=\"true\" class=\"fas fa-arrow-right\"><\/i>\t\t\t<\/span>\n\t\t\t\t\t\t\t\t\t<span class=\"elementor-button-text\">See Gallery<\/span>\n\t\t\t\t\t<\/span>\n\t\t\t\t\t<\/a>\n\t\t\t\t<\/div>\n\t\t\t\t\t\t\t\t<\/div>\n\t\t\t\t<\/div>\n\t\t\t\t\t<\/div>\n\t\t<\/div>\n\t\t\t\t<div class=\"elementor-column elementor-col-33 elementor-inner-column elementor-element elementor-element-a422983\" data-id=\"a422983\" data-element_type=\"column\">\n\t\t\t<div class=\"elementor-widget-wrap\">\n\t\t\t\t\t\t\t<\/div>\n\t\t<\/div>\n\t\t\t\t\t<\/div>\n\t\t<\/section>\n\t\t\t\t\t<\/div>\n\t\t<\/div>\n\t\t\t\t\t<\/div>\n\t\t<\/section>\n\t\t\t\t<\/div>","protected":false},"excerpt":{"rendered":"<p>Pablo Mor Marimba &amp; Percusi\u00f3n Su joven carrera como solista le lleva a interpretar en distintos pa\u00edses alrededor de Europa. Ha realizado recitales tanto de m\u00fasica de c\u00e1mara como de [&hellip;]<\/p>","protected":false},"author":1,"featured_media":0,"parent":0,"menu_order":0,"comment_status":"closed","ping_status":"closed","template":"","meta":{"_uag_custom_page_level_css":"","site-sidebar-layout":"no-sidebar","site-content-layout":"page-builder","ast-site-content-layout":"default","site-content-style":"default","site-sidebar-style":"default","ast-global-header-display":"","ast-banner-title-visibility":"","ast-main-header-display":"","ast-hfb-above-header-display":"","ast-hfb-below-header-display":"","ast-hfb-mobile-header-display":"","site-post-title":"disabled","ast-breadcrumbs-content":"","ast-featured-img":"disabled","footer-sml-layout":"","theme-transparent-header-meta":"default","adv-header-id-meta":"","stick-header-meta":"","header-above-stick-meta":"","header-main-stick-meta":"","header-below-stick-meta":"","astra-migrate-meta-layouts":"default","ast-page-background-enabled":"default","ast-page-background-meta":{"desktop":{"background-color":"","background-image":"","background-repeat":"repeat","background-position":"center center","background-size":"auto","background-attachment":"scroll","background-type":"","background-media":"","overlay-type":"","overlay-color":"","overlay-opacity":"","overlay-gradient":""},"tablet":{"background-color":"","background-image":"","background-repeat":"repeat","background-position":"center center","background-size":"auto","background-attachment":"scroll","background-type":"","background-media":"","overlay-type":"","overlay-color":"","overlay-opacity":"","overlay-gradient":""},"mobile":{"background-color":"","background-image":"","background-repeat":"repeat","background-position":"center center","background-size":"auto","background-attachment":"scroll","background-type":"","background-media":"","overlay-type":"","overlay-color":"","overlay-opacity":"","overlay-gradient":""}},"ast-content-background-meta":{"desktop":{"background-color":"var(--ast-global-color-5)","background-image":"","background-repeat":"repeat","background-position":"center center","background-size":"auto","background-attachment":"scroll","background-type":"","background-media":"","overlay-type":"","overlay-color":"","overlay-opacity":"","overlay-gradient":""},"tablet":{"background-color":"var(--ast-global-color-5)","background-image":"","background-repeat":"repeat","background-position":"center center","background-size":"auto","background-attachment":"scroll","background-type":"","background-media":"","overlay-type":"","overlay-color":"","overlay-opacity":"","overlay-gradient":""},"mobile":{"background-color":"var(--ast-global-color-5)","background-image":"","background-repeat":"repeat","background-position":"center center","background-size":"auto","background-attachment":"scroll","background-type":"","background-media":"","overlay-type":"","overlay-color":"","overlay-opacity":"","overlay-gradient":""}},"footnotes":""},"class_list":["post-575","page","type-page","status-publish","hentry"],"yoast_head":"<!-- This site is optimized with the Yoast SEO plugin v26.5 - https:\/\/yoast.com\/wordpress\/plugins\/seo\/ -->\n<title>Biograf\u00eda de Pablo Mor - Marimba y percusi\u00f3n<\/title>\n<meta name=\"description\" content=\"Conoce la biograf\u00eda de Pablo Mor, m\u00fasico profesional especializado en Marimba y Percusi\u00f3n\" \/>\n<meta name=\"robots\" content=\"index, follow, max-snippet:-1, max-image-preview:large, max-video-preview:-1\" \/>\n<link rel=\"canonical\" href=\"https:\/\/pablomor.com\/en\/biografia\/\" \/>\n<meta property=\"og:locale\" content=\"en_GB\" \/>\n<meta property=\"og:type\" content=\"article\" \/>\n<meta property=\"og:title\" content=\"Biograf\u00eda de Pablo Mor - Marimba y percusi\u00f3n\" \/>\n<meta property=\"og:description\" content=\"Conoce la biograf\u00eda de Pablo Mor, m\u00fasico profesional especializado en Marimba y Percusi\u00f3n\" \/>\n<meta property=\"og:url\" content=\"https:\/\/pablomor.com\/en\/biografia\/\" \/>\n<meta property=\"og:site_name\" content=\"Pablo Mor\" \/>\n<meta property=\"article:publisher\" content=\"http:\/\/www.facebook.com\/pablo.mor.lillo\" \/>\n<meta property=\"article:modified_time\" content=\"2023-04-12T09:20:33+00:00\" \/>\n<meta property=\"og:image\" content=\"https:\/\/pablomor.com\/wp-content\/uploads\/2023\/03\/pablo-mor-biografia-1024x391.jpg\" \/>\n<meta name=\"twitter:card\" content=\"summary_large_image\" \/>\n<meta name=\"twitter:site\" content=\"@pablomrlo\" \/>\n<meta name=\"twitter:label1\" content=\"Estimated reading time\" \/>\n\t<meta name=\"twitter:data1\" content=\"3 minutes\" \/>\n<script type=\"application\/ld+json\" class=\"yoast-schema-graph\">{\"@context\":\"https:\/\/schema.org\",\"@graph\":[{\"@type\":\"WebPage\",\"@id\":\"https:\/\/pablomor.com\/biografia\/\",\"url\":\"https:\/\/pablomor.com\/biografia\/\",\"name\":\"Biograf\u00eda de Pablo Mor - Marimba y percusi\u00f3n\",\"isPartOf\":{\"@id\":\"https:\/\/pablomor.com\/#website\"},\"primaryImageOfPage\":{\"@id\":\"https:\/\/pablomor.com\/biografia\/#primaryimage\"},\"image\":{\"@id\":\"https:\/\/pablomor.com\/biografia\/#primaryimage\"},\"thumbnailUrl\":\"https:\/\/pablomor.com\/wp-content\/uploads\/2023\/03\/pablo-mor-biografia-1024x391.jpg\",\"datePublished\":\"2021-02-20T12:59:24+00:00\",\"dateModified\":\"2023-04-12T09:20:33+00:00\",\"description\":\"Conoce la biograf\u00eda de Pablo Mor, m\u00fasico profesional especializado en Marimba y Percusi\u00f3n\",\"breadcrumb\":{\"@id\":\"https:\/\/pablomor.com\/biografia\/#breadcrumb\"},\"inLanguage\":\"en-GB\",\"potentialAction\":[{\"@type\":\"ReadAction\",\"target\":[\"https:\/\/pablomor.com\/biografia\/\"]}]},{\"@type\":\"ImageObject\",\"inLanguage\":\"en-GB\",\"@id\":\"https:\/\/pablomor.com\/biografia\/#primaryimage\",\"url\":\"https:\/\/pablomor.com\/wp-content\/uploads\/2023\/03\/pablo-mor-biografia-1024x391.jpg\",\"contentUrl\":\"https:\/\/pablomor.com\/wp-content\/uploads\/2023\/03\/pablo-mor-biografia-1024x391.jpg\"},{\"@type\":\"BreadcrumbList\",\"@id\":\"https:\/\/pablomor.com\/biografia\/#breadcrumb\",\"itemListElement\":[{\"@type\":\"ListItem\",\"position\":1,\"name\":\"Portada\",\"item\":\"https:\/\/pablomor.com\/\"},{\"@type\":\"ListItem\",\"position\":2,\"name\":\"Biograf\u00eda\"}]},{\"@type\":\"WebSite\",\"@id\":\"https:\/\/pablomor.com\/#website\",\"url\":\"https:\/\/pablomor.com\/\",\"name\":\"Pablo Mor\",\"description\":\"Marimba &amp; Percusi\u00f3n\",\"publisher\":{\"@id\":\"https:\/\/pablomor.com\/#organization\"},\"potentialAction\":[{\"@type\":\"SearchAction\",\"target\":{\"@type\":\"EntryPoint\",\"urlTemplate\":\"https:\/\/pablomor.com\/?s={search_term_string}\"},\"query-input\":{\"@type\":\"PropertyValueSpecification\",\"valueRequired\":true,\"valueName\":\"search_term_string\"}}],\"inLanguage\":\"en-GB\"},{\"@type\":\"Organization\",\"@id\":\"https:\/\/pablomor.com\/#organization\",\"name\":\"Pablo Mor\",\"url\":\"https:\/\/pablomor.com\/\",\"logo\":{\"@type\":\"ImageObject\",\"inLanguage\":\"en-GB\",\"@id\":\"https:\/\/pablomor.com\/#\/schema\/logo\/image\/\",\"url\":\"https:\/\/pablomor.com\/wp-content\/uploads\/2023\/03\/logo_pablomor.png\",\"contentUrl\":\"https:\/\/pablomor.com\/wp-content\/uploads\/2023\/03\/logo_pablomor.png\",\"width\":500,\"height\":150,\"caption\":\"Pablo Mor\"},\"image\":{\"@id\":\"https:\/\/pablomor.com\/#\/schema\/logo\/image\/\"},\"sameAs\":[\"http:\/\/www.facebook.com\/pablo.mor.lillo\",\"https:\/\/x.com\/pablomrlo\",\"https:\/\/www.instagram.com\/pablomrlo\/\",\"https:\/\/twitter.com\/pablomrlo\"]}]}<\/script>\n<!-- \/ Yoast SEO plugin. -->","yoast_head_json":{"title":"Biograf\u00eda de Pablo Mor - Marimba y percusi\u00f3n","description":"Conoce la biograf\u00eda de Pablo Mor, m\u00fasico profesional especializado en Marimba y Percusi\u00f3n","robots":{"index":"index","follow":"follow","max-snippet":"max-snippet:-1","max-image-preview":"max-image-preview:large","max-video-preview":"max-video-preview:-1"},"canonical":"https:\/\/pablomor.com\/en\/biografia\/","og_locale":"en_GB","og_type":"article","og_title":"Biograf\u00eda de Pablo Mor - Marimba y percusi\u00f3n","og_description":"Conoce la biograf\u00eda de Pablo Mor, m\u00fasico profesional especializado en Marimba y Percusi\u00f3n","og_url":"https:\/\/pablomor.com\/en\/biografia\/","og_site_name":"Pablo Mor","article_publisher":"http:\/\/www.facebook.com\/pablo.mor.lillo","article_modified_time":"2023-04-12T09:20:33+00:00","og_image":[{"url":"https:\/\/pablomor.com\/wp-content\/uploads\/2023\/03\/pablo-mor-biografia-1024x391.jpg","type":"","width":"","height":""}],"twitter_card":"summary_large_image","twitter_site":"@pablomrlo","twitter_misc":{"Estimated reading time":"3 minutes"},"schema":{"@context":"https:\/\/schema.org","@graph":[{"@type":"WebPage","@id":"https:\/\/pablomor.com\/biografia\/","url":"https:\/\/pablomor.com\/biografia\/","name":"Biograf\u00eda de Pablo Mor - Marimba y percusi\u00f3n","isPartOf":{"@id":"https:\/\/pablomor.com\/#website"},"primaryImageOfPage":{"@id":"https:\/\/pablomor.com\/biografia\/#primaryimage"},"image":{"@id":"https:\/\/pablomor.com\/biografia\/#primaryimage"},"thumbnailUrl":"https:\/\/pablomor.com\/wp-content\/uploads\/2023\/03\/pablo-mor-biografia-1024x391.jpg","datePublished":"2021-02-20T12:59:24+00:00","dateModified":"2023-04-12T09:20:33+00:00","description":"Conoce la biograf\u00eda de Pablo Mor, m\u00fasico profesional especializado en Marimba y Percusi\u00f3n","breadcrumb":{"@id":"https:\/\/pablomor.com\/biografia\/#breadcrumb"},"inLanguage":"en-GB","potentialAction":[{"@type":"ReadAction","target":["https:\/\/pablomor.com\/biografia\/"]}]},{"@type":"ImageObject","inLanguage":"en-GB","@id":"https:\/\/pablomor.com\/biografia\/#primaryimage","url":"https:\/\/pablomor.com\/wp-content\/uploads\/2023\/03\/pablo-mor-biografia-1024x391.jpg","contentUrl":"https:\/\/pablomor.com\/wp-content\/uploads\/2023\/03\/pablo-mor-biografia-1024x391.jpg"},{"@type":"BreadcrumbList","@id":"https:\/\/pablomor.com\/biografia\/#breadcrumb","itemListElement":[{"@type":"ListItem","position":1,"name":"Portada","item":"https:\/\/pablomor.com\/"},{"@type":"ListItem","position":2,"name":"Biograf\u00eda"}]},{"@type":"WebSite","@id":"https:\/\/pablomor.com\/#website","url":"https:\/\/pablomor.com\/","name":"Pablo Mor","description":"Marimba &amp; Percusi\u00f3n","publisher":{"@id":"https:\/\/pablomor.com\/#organization"},"potentialAction":[{"@type":"SearchAction","target":{"@type":"EntryPoint","urlTemplate":"https:\/\/pablomor.com\/?s={search_term_string}"},"query-input":{"@type":"PropertyValueSpecification","valueRequired":true,"valueName":"search_term_string"}}],"inLanguage":"en-GB"},{"@type":"Organization","@id":"https:\/\/pablomor.com\/#organization","name":"Pablo Mor","url":"https:\/\/pablomor.com\/","logo":{"@type":"ImageObject","inLanguage":"en-GB","@id":"https:\/\/pablomor.com\/#\/schema\/logo\/image\/","url":"https:\/\/pablomor.com\/wp-content\/uploads\/2023\/03\/logo_pablomor.png","contentUrl":"https:\/\/pablomor.com\/wp-content\/uploads\/2023\/03\/logo_pablomor.png","width":500,"height":150,"caption":"Pablo Mor"},"image":{"@id":"https:\/\/pablomor.com\/#\/schema\/logo\/image\/"},"sameAs":["http:\/\/www.facebook.com\/pablo.mor.lillo","https:\/\/x.com\/pablomrlo","https:\/\/www.instagram.com\/pablomrlo\/","https:\/\/twitter.com\/pablomrlo"]}]}},"uagb_featured_image_src":{"full":false,"thumbnail":false,"medium":false,"medium_large":false,"large":false,"1536x1536":false,"2048x2048":false,"trp-custom-language-flag":false},"uagb_author_info":{"display_name":"admin","author_link":"https:\/\/pablomor.com\/en\/author\/joseluisabril_nv5ivjjy\/"},"uagb_comment_info":0,"uagb_excerpt":"Pablo Mor Marimba &amp; Percusi\u00f3n Su joven carrera como solista le lleva a interpretar en distintos pa\u00edses alrededor de Europa. Ha realizado recitales tanto de m\u00fasica de c\u00e1mara como de [&hellip;]","_links":{"self":[{"href":"https:\/\/pablomor.com\/en\/wp-json\/wp\/v2\/pages\/575","targetHints":{"allow":["GET"]}}],"collection":[{"href":"https:\/\/pablomor.com\/en\/wp-json\/wp\/v2\/pages"}],"about":[{"href":"https:\/\/pablomor.com\/en\/wp-json\/wp\/v2\/types\/page"}],"author":[{"embeddable":true,"href":"https:\/\/pablomor.com\/en\/wp-json\/wp\/v2\/users\/1"}],"replies":[{"embeddable":true,"href":"https:\/\/pablomor.com\/en\/wp-json\/wp\/v2\/comments?post=575"}],"version-history":[{"count":0,"href":"https:\/\/pablomor.com\/en\/wp-json\/wp\/v2\/pages\/575\/revisions"}],"wp:attachment":[{"href":"https:\/\/pablomor.com\/en\/wp-json\/wp\/v2\/media?parent=575"}],"curies":[{"name":"wp","href":"https:\/\/api.w.org\/{rel}","templated":true}]}}